{"id":6182,"date":"2025-11-10T20:43:22","date_gmt":"2025-11-10T20:43:22","guid":{"rendered":"https:\/\/lamujerinterna.com\/?page_id=6182"},"modified":"2025-11-10T20:58:05","modified_gmt":"2025-11-10T20:58:05","slug":"contacto","status":"publish","type":"page","link":"https:\/\/lamujerinterna.com\/en\/contacto\/","title":{"rendered":"Contact"},"content":{"rendered":"<p>[et_pb_section fb_built=\u00bb1&#8243; admin_label=\u00bbContacto\u00bb _builder_version=\u00bb4.27.4&#8243; _module_preset=\u00bb_initial\u00bb width=\u00bb100%\u00bb max_width=\u00bb100vw\u00bb custom_padding=\u00bb0px||||false|false\u00bb hover_enabled=\u00bb0&#8243; global_colors_info=\u00bb{}\u00bb theme_builder_area=\u00bbpost_content\u00bb sticky_enabled=\u00bb0&#8243; custom_margin=\u00bb-48px|||||\u00bb][et_pb_row make_equal=\u00bboff\u00bb _builder_version=\u00bb4.27.4&#8243; _module_preset=\u00bb963f3150-f4ff-4d7d-adba-5e01007da95b\u00bb width=\u00bb70%\u00bb width_tablet=\u00bb70%\u00bb width_phone=\u00bb100%\u00bb width_last_edited=\u00bbon|phone\u00bb custom_padding=\u00bb0px||100px||false|false\u00bb hover_enabled=\u00bb0&#8243; global_colors_info=\u00bb{}\u00bb theme_builder_area=\u00bbpost_content\u00bb sticky_enabled=\u00bb0&#8243;][et_pb_column type=\u00bb4_4&#8243; _builder_version=\u00bb4.27.4&#8243; _module_preset=\u00bbdefault\u00bb global_colors_info=\u00bb{}\u00bb theme_builder_area=\u00bbpost_content\u00bb][et_pb_contact_form email=\u00bbgloria@lamujerinterna.com\u00bb success_message=\u00bb\u00a1Gracias por contactar!\u00bb _builder_version=\u00bb4.27.4&#8243; _module_preset=\u00bbdefault\u00bb _unique_id=\u00bb813e3c4e-b696-4fdc-bed5-8c993192ccf4&#8243; form_field_background_color=\u00bbrgba(39,34,30,0.51)\u00bb form_field_text_color=\u00bb#f5eaea\u00bb form_field_focus_background_color=\u00bbrgba(39,34,30,0.51)\u00bb form_field_focus_text_color=\u00bb#f5eaea\u00bb captcha_font=\u00bb&#8211;et_global_body_font||||||||\u00bb background_color=\u00bbRGBA(255,255,255,0)\u00bb custom_button=\u00bbon\u00bb button_text_color=\u00bb#27221e\u00bb button_bg_color=\u00bb#e27a87&#8243; button_border_width=\u00bb0px\u00bb button_border_radius=\u00bb15px\u00bb border_radii=\u00bbon|10px|10px|10px|10px\u00bb border_color_all=\u00bb#edc0c4&#8243; border_width_bottom=\u00bb3px\u00bb border_color_bottom=\u00bb#f5eaea\u00bb global_colors_info=\u00bb{}\u00bb theme_builder_area=\u00bbpost_content\u00bb][et_pb_contact_field field_id=\u00bbName\u00bb field_title=\u00bbNombre\u00bb _builder_version=\u00bb4.16&#8243; global_colors_info=\u00bb{}\u00bb button_text_size__hover_enabled=\u00bboff\u00bb button_one_text_size__hover_enabled=\u00bboff\u00bb button_two_text_size__hover_enabled=\u00bboff\u00bb button_text_color__hover_enabled=\u00bboff\u00bb button_one_text_color__hover_enabled=\u00bboff\u00bb button_two_text_color__hover_enabled=\u00bboff\u00bb button_border_width__hover_enabled=\u00bboff\u00bb button_one_border_width__hover_enabled=\u00bboff\u00bb button_two_border_width__hover_enabled=\u00bboff\u00bb button_border_color__hover_enabled=\u00bboff\u00bb button_one_border_color__hover_enabled=\u00bboff\u00bb button_two_border_color__hover_enabled=\u00bboff\u00bb button_border_radius__hover_enabled=\u00bboff\u00bb button_one_border_radius__hover_enabled=\u00bboff\u00bb button_two_border_radius__hover_enabled=\u00bboff\u00bb button_letter_spacing__hover_enabled=\u00bboff\u00bb button_one_letter_spacing__hover_enabled=\u00bboff\u00bb button_two_letter_spacing__hover_enabled=\u00bboff\u00bb button_bg_color__hover_enabled=\u00bboff\u00bb button_one_bg_color__hover_enabled=\u00bboff\u00bb button_two_bg_color__hover_enabled=\u00bboff\u00bb theme_builder_area=\u00bbpost_content\u00bb][\/et_pb_contact_field][et_pb_contact_field field_id=\u00bbApellidos\u00bb field_title=\u00bbApellidos\u00bb _builder_version=\u00bb4.27.4&#8243; global_colors_info=\u00bb{}\u00bb button_text_size__hover_enabled=\u00bboff\u00bb button_one_text_size__hover_enabled=\u00bboff\u00bb button_two_text_size__hover_enabled=\u00bboff\u00bb button_text_color__hover_enabled=\u00bboff\u00bb button_one_text_color__hover_enabled=\u00bboff\u00bb button_two_text_color__hover_enabled=\u00bboff\u00bb button_border_width__hover_enabled=\u00bboff\u00bb button_one_border_width__hover_enabled=\u00bboff\u00bb button_two_border_width__hover_enabled=\u00bboff\u00bb button_border_color__hover_enabled=\u00bboff\u00bb button_one_border_color__hover_enabled=\u00bboff\u00bb button_two_border_color__hover_enabled=\u00bboff\u00bb button_border_radius__hover_enabled=\u00bboff\u00bb button_one_border_radius__hover_enabled=\u00bboff\u00bb button_two_border_radius__hover_enabled=\u00bboff\u00bb button_letter_spacing__hover_enabled=\u00bboff\u00bb button_one_letter_spacing__hover_enabled=\u00bboff\u00bb button_two_letter_spacing__hover_enabled=\u00bboff\u00bb button_bg_color__hover_enabled=\u00bboff\u00bb button_one_bg_color__hover_enabled=\u00bboff\u00bb button_two_bg_color__hover_enabled=\u00bboff\u00bb theme_builder_area=\u00bbpost_content\u00bb][\/et_pb_contact_field][et_pb_contact_field field_id=\u00bbEmail\u00bb field_title=\u00bbDirecci\u00f3n de correo electr\u00f3nico\u00bb field_type=\u00bbemail\u00bb _builder_version=\u00bb4.27.4&#8243; global_colors_info=\u00bb{}\u00bb button_text_size__hover_enabled=\u00bboff\u00bb button_one_text_size__hover_enabled=\u00bboff\u00bb button_two_text_size__hover_enabled=\u00bboff\u00bb button_text_color__hover_enabled=\u00bboff\u00bb button_one_text_color__hover_enabled=\u00bboff\u00bb button_two_text_color__hover_enabled=\u00bboff\u00bb button_border_width__hover_enabled=\u00bboff\u00bb button_one_border_width__hover_enabled=\u00bboff\u00bb button_two_border_width__hover_enabled=\u00bboff\u00bb button_border_color__hover_enabled=\u00bboff\u00bb button_one_border_color__hover_enabled=\u00bboff\u00bb button_two_border_color__hover_enabled=\u00bboff\u00bb button_border_radius__hover_enabled=\u00bboff\u00bb button_one_border_radius__hover_enabled=\u00bboff\u00bb button_two_border_radius__hover_enabled=\u00bboff\u00bb button_letter_spacing__hover_enabled=\u00bboff\u00bb button_one_letter_spacing__hover_enabled=\u00bboff\u00bb button_two_letter_spacing__hover_enabled=\u00bboff\u00bb button_bg_color__hover_enabled=\u00bboff\u00bb button_one_bg_color__hover_enabled=\u00bboff\u00bb button_two_bg_color__hover_enabled=\u00bboff\u00bb theme_builder_area=\u00bbpost_content\u00bb][\/et_pb_contact_field][et_pb_contact_field field_id=\u00bbTel\u00e9fono\u00bb field_title=\u00bbTel\u00e9fono\u00bb allowed_symbols=\u00bbnumbers\u00bb _builder_version=\u00bb4.27.4&#8243; global_colors_info=\u00bb{}\u00bb button_text_size__hover_enabled=\u00bboff\u00bb button_one_text_size__hover_enabled=\u00bboff\u00bb button_two_text_size__hover_enabled=\u00bboff\u00bb button_text_color__hover_enabled=\u00bboff\u00bb button_one_text_color__hover_enabled=\u00bboff\u00bb button_two_text_color__hover_enabled=\u00bboff\u00bb button_border_width__hover_enabled=\u00bboff\u00bb button_one_border_width__hover_enabled=\u00bboff\u00bb button_two_border_width__hover_enabled=\u00bboff\u00bb button_border_color__hover_enabled=\u00bboff\u00bb button_one_border_color__hover_enabled=\u00bboff\u00bb button_two_border_color__hover_enabled=\u00bboff\u00bb button_border_radius__hover_enabled=\u00bboff\u00bb button_one_border_radius__hover_enabled=\u00bboff\u00bb button_two_border_radius__hover_enabled=\u00bboff\u00bb button_letter_spacing__hover_enabled=\u00bboff\u00bb button_one_letter_spacing__hover_enabled=\u00bboff\u00bb button_two_letter_spacing__hover_enabled=\u00bboff\u00bb button_bg_color__hover_enabled=\u00bboff\u00bb button_one_bg_color__hover_enabled=\u00bboff\u00bb button_two_bg_color__hover_enabled=\u00bboff\u00bb theme_builder_area=\u00bbpost_content\u00bb][\/et_pb_contact_field][et_pb_contact_field field_id=\u00bbConsulta\u00bb field_title=\u00bbConsulta\u00bb field_type=\u00bbtext\u00bb fullwidth_field=\u00bbon\u00bb _builder_version=\u00bb4.27.4&#8243; global_colors_info=\u00bb{}\u00bb button_text_size__hover_enabled=\u00bboff\u00bb button_one_text_size__hover_enabled=\u00bboff\u00bb button_two_text_size__hover_enabled=\u00bboff\u00bb button_text_color__hover_enabled=\u00bboff\u00bb button_one_text_color__hover_enabled=\u00bboff\u00bb button_two_text_color__hover_enabled=\u00bboff\u00bb button_border_width__hover_enabled=\u00bboff\u00bb button_one_border_width__hover_enabled=\u00bboff\u00bb button_two_border_width__hover_enabled=\u00bboff\u00bb button_border_color__hover_enabled=\u00bboff\u00bb button_one_border_color__hover_enabled=\u00bboff\u00bb button_two_border_color__hover_enabled=\u00bboff\u00bb button_border_radius__hover_enabled=\u00bboff\u00bb button_one_border_radius__hover_enabled=\u00bboff\u00bb button_two_border_radius__hover_enabled=\u00bboff\u00bb button_letter_spacing__hover_enabled=\u00bboff\u00bb button_one_letter_spacing__hover_enabled=\u00bboff\u00bb button_two_letter_spacing__hover_enabled=\u00bboff\u00bb button_bg_color__hover_enabled=\u00bboff\u00bb button_one_bg_color__hover_enabled=\u00bboff\u00bb button_two_bg_color__hover_enabled=\u00bboff\u00bb theme_builder_area=\u00bbpost_content\u00bb][\/et_pb_contact_field][\/et_pb_contact_form][\/et_pb_column][\/et_pb_row][\/et_pb_section]<\/p>\n","protected":false},"excerpt":{"rendered":"","protected":false},"author":1,"featured_media":4527,"parent":0,"menu_order":0,"comment_status":"closed","ping_status":"closed","template":"","meta":{"_et_pb_use_builder":"on","_et_pb_old_content":"","_et_gb_content_width":"","om_disable_all_campaigns":false,"_monsterinsights_skip_tracking":false,"_monsterinsights_sitenote_active":false,"_monsterinsights_sitenote_note":"","_monsterinsights_sitenote_category":0,"footnotes":""},"class_list":["post-6182","page","type-page","status-publish","has-post-thumbnail","hentry"],"yoast_head":"<!-- This site is optimized with the Yoast SEO plugin v27.6 - https:\/\/yoast.com\/product\/yoast-seo-wordpress\/ -->\n<title>Contacto - La Mujer Interna<\/title>\n<meta name=\"robots\" content=\"index, follow, max-snippet:-1, max-image-preview:large, max-video-preview:-1\" \/>\n<link rel=\"canonical\" href=\"https:\/\/lamujerinterna.com\/en\/contacto\/\" \/>\n<meta property=\"og:locale\" content=\"en_GB\" \/>\n<meta property=\"og:type\" content=\"article\" \/>\n<meta property=\"og:title\" content=\"Contacto - La Mujer Interna\" \/>\n<meta property=\"og:url\" content=\"https:\/\/lamujerinterna.com\/en\/contacto\/\" \/>\n<meta property=\"og:site_name\" content=\"La Mujer Interna\" \/>\n<meta property=\"article:modified_time\" content=\"2025-11-10T20:58:05+00:00\" \/>\n<meta property=\"og:image\" content=\"https:\/\/lamujerinterna.com\/wp-content\/uploads\/2025\/11\/g3.jpg\" \/>\n\t<meta property=\"og:image:width\" content=\"1602\" \/>\n\t<meta property=\"og:image:height\" content=\"1201\" \/>\n\t<meta property=\"og:image:type\" content=\"image\/jpeg\" \/>\n<meta name=\"twitter:card\" content=\"summary_large_image\" \/>\n<meta name=\"twitter:label1\" content=\"Estimated reading time\" \/>\n\t<meta name=\"twitter:data1\" content=\"5 minutes\" \/>\n<script type=\"application\/ld+json\" class=\"yoast-schema-graph\">{\"@context\":\"https:\\\/\\\/schema.org\",\"@graph\":[{\"@type\":\"WebPage\",\"@id\":\"https:\\\/\\\/lamujerinterna.com\\\/contacto\\\/\",\"url\":\"https:\\\/\\\/lamujerinterna.com\\\/contacto\\\/\",\"name\":\"Contacto - La Mujer Interna\",\"isPartOf\":{\"@id\":\"https:\\\/\\\/lamujerinterna.com\\\/#website\"},\"primaryImageOfPage\":{\"@id\":\"https:\\\/\\\/lamujerinterna.com\\\/contacto\\\/#primaryimage\"},\"image\":{\"@id\":\"https:\\\/\\\/lamujerinterna.com\\\/contacto\\\/#primaryimage\"},\"thumbnailUrl\":\"https:\\\/\\\/lamujerinterna.com\\\/wp-content\\\/uploads\\\/2025\\\/11\\\/g3.jpg\",\"datePublished\":\"2025-11-10T20:43:22+00:00\",\"dateModified\":\"2025-11-10T20:58:05+00:00\",\"breadcrumb\":{\"@id\":\"https:\\\/\\\/lamujerinterna.com\\\/contacto\\\/#breadcrumb\"},\"inLanguage\":\"en-GB\",\"potentialAction\":[{\"@type\":\"ReadAction\",\"target\":[\"https:\\\/\\\/lamujerinterna.com\\\/contacto\\\/\"]}]},{\"@type\":\"ImageObject\",\"inLanguage\":\"en-GB\",\"@id\":\"https:\\\/\\\/lamujerinterna.com\\\/contacto\\\/#primaryimage\",\"url\":\"https:\\\/\\\/lamujerinterna.com\\\/wp-content\\\/uploads\\\/2025\\\/11\\\/g3.jpg\",\"contentUrl\":\"https:\\\/\\\/lamujerinterna.com\\\/wp-content\\\/uploads\\\/2025\\\/11\\\/g3.jpg\",\"width\":1602,\"height\":1201},{\"@type\":\"BreadcrumbList\",\"@id\":\"https:\\\/\\\/lamujerinterna.com\\\/contacto\\\/#breadcrumb\",\"itemListElement\":[{\"@type\":\"ListItem\",\"position\":1,\"name\":\"Portada\",\"item\":\"https:\\\/\\\/lamujerinterna.com\\\/\"},{\"@type\":\"ListItem\",\"position\":2,\"name\":\"Contacto\"}]},{\"@type\":\"WebSite\",\"@id\":\"https:\\\/\\\/lamujerinterna.com\\\/#website\",\"url\":\"https:\\\/\\\/lamujerinterna.com\\\/\",\"name\":\"La Mujer Interna\",\"description\":\"Acompa\u00f1amiento emocional y espiritual, duelos, ente\u00f3genos, autoconocimiento.\",\"publisher\":{\"@id\":\"https:\\\/\\\/lamujerinterna.com\\\/#\\\/schema\\\/person\\\/28fdb3c82916d1b84ebbc28893e23c49\"},\"potentialAction\":[{\"@type\":\"SearchAction\",\"target\":{\"@type\":\"EntryPoint\",\"urlTemplate\":\"https:\\\/\\\/lamujerinterna.com\\\/?s={search_term_string}\"},\"query-input\":{\"@type\":\"PropertyValueSpecification\",\"valueRequired\":true,\"valueName\":\"search_term_string\"}}],\"inLanguage\":\"en-GB\"},{\"@type\":[\"Person\",\"Organization\"],\"@id\":\"https:\\\/\\\/lamujerinterna.com\\\/#\\\/schema\\\/person\\\/28fdb3c82916d1b84ebbc28893e23c49\",\"name\":\"Gloria Garc\u00eda Ord\u00f3\u00f1ez\",\"image\":{\"@type\":\"ImageObject\",\"inLanguage\":\"en-GB\",\"@id\":\"https:\\\/\\\/lamujerinterna.com\\\/wp-content\\\/uploads\\\/2025\\\/11\\\/cropped-Favicon_Mesa-de-trabajo-1-copia-15-scaled-2.png\",\"url\":\"https:\\\/\\\/lamujerinterna.com\\\/wp-content\\\/uploads\\\/2025\\\/11\\\/cropped-Favicon_Mesa-de-trabajo-1-copia-15-scaled-2.png\",\"contentUrl\":\"https:\\\/\\\/lamujerinterna.com\\\/wp-content\\\/uploads\\\/2025\\\/11\\\/cropped-Favicon_Mesa-de-trabajo-1-copia-15-scaled-2.png\",\"width\":512,\"height\":512,\"caption\":\"Gloria Garc\u00eda Ord\u00f3\u00f1ez\"},\"logo\":{\"@id\":\"https:\\\/\\\/lamujerinterna.com\\\/wp-content\\\/uploads\\\/2025\\\/11\\\/cropped-Favicon_Mesa-de-trabajo-1-copia-15-scaled-2.png\"}}]}<\/script>\n<!-- \/ Yoast SEO plugin. -->","yoast_head_json":{"title":"Contacto - La Mujer Interna","robots":{"index":"index","follow":"follow","max-snippet":"max-snippet:-1","max-image-preview":"max-image-preview:large","max-video-preview":"max-video-preview:-1"},"canonical":"https:\/\/lamujerinterna.com\/en\/contacto\/","og_locale":"en_GB","og_type":"article","og_title":"Contacto - La Mujer Interna","og_url":"https:\/\/lamujerinterna.com\/en\/contacto\/","og_site_name":"La Mujer Interna","article_modified_time":"2025-11-10T20:58:05+00:00","og_image":[{"width":1602,"height":1201,"url":"https:\/\/lamujerinterna.com\/wp-content\/uploads\/2025\/11\/g3.jpg","type":"image\/jpeg"}],"twitter_card":"summary_large_image","twitter_misc":{"Estimated reading time":"5 minutes"},"schema":{"@context":"https:\/\/schema.org","@graph":[{"@type":"WebPage","@id":"https:\/\/lamujerinterna.com\/contacto\/","url":"https:\/\/lamujerinterna.com\/contacto\/","name":"Contacto - La Mujer Interna","isPartOf":{"@id":"https:\/\/lamujerinterna.com\/#website"},"primaryImageOfPage":{"@id":"https:\/\/lamujerinterna.com\/contacto\/#primaryimage"},"image":{"@id":"https:\/\/lamujerinterna.com\/contacto\/#primaryimage"},"thumbnailUrl":"https:\/\/lamujerinterna.com\/wp-content\/uploads\/2025\/11\/g3.jpg","datePublished":"2025-11-10T20:43:22+00:00","dateModified":"2025-11-10T20:58:05+00:00","breadcrumb":{"@id":"https:\/\/lamujerinterna.com\/contacto\/#breadcrumb"},"inLanguage":"en-GB","potentialAction":[{"@type":"ReadAction","target":["https:\/\/lamujerinterna.com\/contacto\/"]}]},{"@type":"ImageObject","inLanguage":"en-GB","@id":"https:\/\/lamujerinterna.com\/contacto\/#primaryimage","url":"https:\/\/lamujerinterna.com\/wp-content\/uploads\/2025\/11\/g3.jpg","contentUrl":"https:\/\/lamujerinterna.com\/wp-content\/uploads\/2025\/11\/g3.jpg","width":1602,"height":1201},{"@type":"BreadcrumbList","@id":"https:\/\/lamujerinterna.com\/contacto\/#breadcrumb","itemListElement":[{"@type":"ListItem","position":1,"name":"Portada","item":"https:\/\/lamujerinterna.com\/"},{"@type":"ListItem","position":2,"name":"Contacto"}]},{"@type":"WebSite","@id":"https:\/\/lamujerinterna.com\/#website","url":"https:\/\/lamujerinterna.com\/","name":"La Mujer Interna","description":"Acompa\u00f1amiento emocional y espiritual, duelos, ente\u00f3genos, autoconocimiento.","publisher":{"@id":"https:\/\/lamujerinterna.com\/#\/schema\/person\/28fdb3c82916d1b84ebbc28893e23c49"},"potentialAction":[{"@type":"SearchAction","target":{"@type":"EntryPoint","urlTemplate":"https:\/\/lamujerinterna.com\/?s={search_term_string}"},"query-input":{"@type":"PropertyValueSpecification","valueRequired":true,"valueName":"search_term_string"}}],"inLanguage":"en-GB"},{"@type":["Person","Organization"],"@id":"https:\/\/lamujerinterna.com\/#\/schema\/person\/28fdb3c82916d1b84ebbc28893e23c49","name":"Gloria Garc\u00eda Ord\u00f3\u00f1ez","image":{"@type":"ImageObject","inLanguage":"en-GB","@id":"https:\/\/lamujerinterna.com\/wp-content\/uploads\/2025\/11\/cropped-Favicon_Mesa-de-trabajo-1-copia-15-scaled-2.png","url":"https:\/\/lamujerinterna.com\/wp-content\/uploads\/2025\/11\/cropped-Favicon_Mesa-de-trabajo-1-copia-15-scaled-2.png","contentUrl":"https:\/\/lamujerinterna.com\/wp-content\/uploads\/2025\/11\/cropped-Favicon_Mesa-de-trabajo-1-copia-15-scaled-2.png","width":512,"height":512,"caption":"Gloria Garc\u00eda Ord\u00f3\u00f1ez"},"logo":{"@id":"https:\/\/lamujerinterna.com\/wp-content\/uploads\/2025\/11\/cropped-Favicon_Mesa-de-trabajo-1-copia-15-scaled-2.png"}}]}},"jetpack_sharing_enabled":true,"_links":{"self":[{"href":"https:\/\/lamujerinterna.com\/en\/wp-json\/wp\/v2\/pages\/6182","targetHints":{"allow":["GET"]}}],"collection":[{"href":"https:\/\/lamujerinterna.com\/en\/wp-json\/wp\/v2\/pages"}],"about":[{"href":"https:\/\/lamujerinterna.com\/en\/wp-json\/wp\/v2\/types\/page"}],"author":[{"embeddable":true,"href":"https:\/\/lamujerinterna.com\/en\/wp-json\/wp\/v2\/users\/1"}],"replies":[{"embeddable":true,"href":"https:\/\/lamujerinterna.com\/en\/wp-json\/wp\/v2\/comments?post=6182"}],"version-history":[{"count":5,"href":"https:\/\/lamujerinterna.com\/en\/wp-json\/wp\/v2\/pages\/6182\/revisions"}],"predecessor-version":[{"id":6207,"href":"https:\/\/lamujerinterna.com\/en\/wp-json\/wp\/v2\/pages\/6182\/revisions\/6207"}],"wp:featuredmedia":[{"embeddable":true,"href":"https:\/\/lamujerinterna.com\/en\/wp-json\/wp\/v2\/media\/4527"}],"wp:attachment":[{"href":"https:\/\/lamujerinterna.com\/en\/wp-json\/wp\/v2\/media?parent=6182"}],"curies":[{"name":"wp","href":"https:\/\/api.w.org\/{rel}","templated":true}]}}