{"id":3567,"date":"2025-03-18T19:17:06","date_gmt":"2025-03-18T19:17:06","guid":{"rendered":"https:\/\/lamujerinterna.com\/?page_id=3567"},"modified":"2026-02-05T20:53:08","modified_gmt":"2026-02-05T19:53:08","slug":"sobre-mi","status":"publish","type":"page","link":"https:\/\/lamujerinterna.com\/en\/sobre-mi\/","title":{"rendered":"About me"},"content":{"rendered":"\n[et_pb_section fb_built=\u00bb1&#8243; admin_label=\u00bbContenido\u00bb _builder_version=\u00bb4.27.4&#8243; z_index=\u00bb2&#8243; module_alignment=\u00bbleft\u00bb custom_margin=\u00bb0px||||false|false\u00bb custom_padding=\u00bb0px||||false|false\u00bb scroll_fade=\u00bb0|39|39|100|0|100|100&#8243; motion_trigger_start=\u00bbtop\u00bb global_colors_info=\u00bb{}\u00bb theme_builder_area=\u00bbpost_content\u00bb][et_pb_row admin_label=\u00bbrow\u00bb _builder_version=\u00bb4.27.4&#8243; background_size=\u00bbinitial\u00bb background_position=\u00bbtop_left\u00bb background_repeat=\u00bbrepeat\u00bb width_tablet=\u00bb90%\u00bb width_phone=\u00bb90%\u00bb width_last_edited=\u00bbon|phone\u00bb locked=\u00bboff\u00bb global_colors_info=\u00bb{}\u00bb width__hover_enabled=\u00bboff|desktop\u00bb theme_builder_area=\u00bbpost_content\u00bb][et_pb_column type=\u00bb4_4&#8243; _builder_version=\u00bb4.27.2&#8243; _module_preset=\u00bbdefault\u00bb global_colors_info=\u00bb{}\u00bb theme_builder_area=\u00bbpost_content\u00bb][et_pb_text admin_label=\u00bbText\u00bb _builder_version=\u00bb4.27.4&#8243; _module_preset=\u00bb423f6866-c6ee-493a-a383-00a0735b713b\u00bb hover_enabled=\u00bb0&#8243; global_colors_info=\u00bb{}\u00bb theme_builder_area=\u00bbpost_content\u00bb sticky_enabled=\u00bb0&#8243;]<h2>El origen del blog (2019)<\/h2>[\/et_pb_text][et_pb_text admin_label=\u00bbText\u00bb _builder_version=\u00bb4.27.4&#8243; custom_margin_tablet=\u00bb||||false|false\u00bb custom_margin_phone=\u00bb|||0px|false|false\u00bb custom_margin_last_edited=\u00bbon|phone\u00bb hover_enabled=\u00bb0&#8243; global_colors_info=\u00bb{}\u00bb theme_builder_area=\u00bbpost_content\u00bb sticky_enabled=\u00bb0&#8243;]<p>Bienvenida a este espacio m\u00edo tan querido y cuidado, que naci\u00f3 a comienzos de 2019 expresamente como un <strong>blog (la mujer interna)<\/strong>. Escrib\u00eda entonces bajo pseud\u00f3nimo (GaGa Oz), con cierto miedo y mucho pudor pero atendiendo a una necesidad poderosa de probar a <strong>expresarme<\/strong> lo m\u00e1s libre que fuese capaz para plasmar mis comprensiones, dificultades, dolores y gozos. Tambi\u00e9n para tener registradas y a mano mis ideas y visiones, dejando de acumular libretas y cuadernos f\u00edsicos con mis notas y escritos que ya eran demasiados despu\u00e9s de tantos a\u00f1os de escritura creativa a mis espaldas.<\/p>[\/et_pb_text][et_pb_text admin_label=\u00bbText\u00bb _builder_version=\u00bb4.27.4&#8243; _module_preset=\u00bb423f6866-c6ee-493a-a383-00a0735b713b\u00bb custom_padding=\u00bb2em||||false|false\u00bb global_colors_info=\u00bb{}\u00bb theme_builder_area=\u00bbpost_content\u00bb]<h2>GaGa Oz: Un acto de individuaci\u00f3n<\/h2>[\/et_pb_text][et_pb_text admin_label=\u00bbText\u00bb _builder_version=\u00bb4.27.4&#8243; custom_margin_tablet=\u00bb||||false|false\u00bb custom_margin_phone=\u00bb|||0px|false|false\u00bb custom_margin_last_edited=\u00bbon|phone\u00bb hover_enabled=\u00bb0&#8243; global_colors_info=\u00bb{}\u00bb theme_builder_area=\u00bbpost_content\u00bb sticky_enabled=\u00bb0&#8243;]<p>Tras cuatro a\u00f1os de recorrido, me atrev\u00ed a mostrar mi nombre, a poner mi <strong>vulnerabilidad<\/strong> en juego, aunque veo que el alias me sigue resultando casi m\u00e1s cercano que mi nombre oficial; respet\u00e1ndolo profundamente, pues me viene dado por mis linajes de origen, con el pseud\u00f3nimo me he nombrado a m\u00ed misma, un ejercicio poderoso de <strong>individuaci\u00f3n<\/strong> y de <strong>auto-afirmaci\u00f3n<\/strong>.<\/p>[\/et_pb_text][et_pb_text admin_label=\u00bbText\u00bb _builder_version=\u00bb4.27.4&#8243; _module_preset=\u00bb423f6866-c6ee-493a-a383-00a0735b713b\u00bb custom_padding=\u00bb2em||||false|false\u00bb global_colors_info=\u00bb{}\u00bb theme_builder_area=\u00bbpost_content\u00bb]<h2>Vocaci\u00f3n terap\u00e9utica y cuerpo como herramienta<\/h2>[\/et_pb_text][et_pb_text admin_label=\u00bbText\u00bb _builder_version=\u00bb4.27.4&#8243; custom_margin_tablet=\u00bb||||false|false\u00bb custom_margin_phone=\u00bb|||0px|false|false\u00bb custom_margin_last_edited=\u00bbon|phone\u00bb hover_enabled=\u00bb0&#8243; global_colors_info=\u00bb{}\u00bb theme_builder_area=\u00bbpost_content\u00bb sticky_enabled=\u00bb0&#8243;]<p>A comienzos de 2023 sent\u00ed que el blog pod\u00eda alojar tambi\u00e9n mi <strong>vocaci\u00f3n como acompa\u00f1ante a trav\u00e9s de la terapia gestalt<\/strong> y mostrar adem\u00e1s el resto de recursos terap\u00e9uticos que voy integrando en mi camino y que me sirven para acompa\u00f1ar y tambi\u00e9n para conocerme mejor, escribir y expresarme. Entre ellos pongo especialmente en valor las v\u00edas que me llevan a experimentarme a trav\u00e9s del <strong>cuerpo<\/strong>, sobre todo la <strong>danza <\/strong>(5Ritmos, Ecstatic Dance, Butoh, ATS, Tribal Fusi\u00f3n), el <strong>yoga f\u00edsico<\/strong> (hatha y yin yoga) y la bioenerg\u00e9tica.<\/p>\n<p>Me han marcado en el camino mi <strong>familia<\/strong>, el <strong>amor<\/strong>, el <strong>miedo<\/strong>, mis <strong>duelos<\/strong>, mi necesidad de <strong>pertenencia<\/strong>, mi relaci\u00f3n con la <strong>sexualidad<\/strong> y la <strong>creatividad<\/strong>, el anhelo de <strong>libertad<\/strong>, la b\u00fasqueda de <strong>tribu<\/strong> y la creaci\u00f3n de <strong>comunidad<\/strong>. Todo ello empapa mi recorrido personal y profesional y lo atraviesa de manera transversal.<\/p>[\/et_pb_text][et_pb_text admin_label=\u00bbText\u00bb _builder_version=\u00bb4.27.4&#8243; _module_preset=\u00bb423f6866-c6ee-493a-a383-00a0735b713b\u00bb custom_padding=\u00bb2em||||false|false\u00bb global_colors_info=\u00bb{}\u00bb theme_builder_area=\u00bbpost_content\u00bb]<h2>Escribir como conexi\u00f3n con lo sutil<\/h2>[\/et_pb_text][et_pb_text admin_label=\u00bbText\u00bb _builder_version=\u00bb4.27.4&#8243; custom_margin_tablet=\u00bb||||false|false\u00bb custom_margin_phone=\u00bb|||0px|false|false\u00bb custom_margin_last_edited=\u00bbon|phone\u00bb hover_enabled=\u00bb0&#8243; global_colors_info=\u00bb{}\u00bb theme_builder_area=\u00bbpost_content\u00bb sticky_enabled=\u00bb0&#8243;]<p>En el blog escribo sobre lo que me pasa, lo que me motiva o me inquieta, lo que me arrastra, lo que descubro, lo que sue\u00f1o. A menudo lo hago movida por un impulso que siento ajeno a m\u00ed, como si yo no tuviese el control ni eligiese el tema o las palabras. M\u00e1s bien atiendo a una se\u00f1al, a una <strong>intuici\u00f3n<\/strong>, a una visi\u00f3n poderosa que se presenta como un fogonazo de impacto que necesito registrar primero, para tal vez descifrar despu\u00e9s el sentido profundo que me trae y que de entrada permanece velado.<\/p>\n<p><!-- divi:paragraph -->Esta vivencia perceptivo-intuitiva me ha acompa\u00f1ado desde que soy ni\u00f1a y he tendido a juzg\u00e1rmela e incluso a reprimirla, tach\u00e1ndome a m\u00ed misma de fantasiosa, de inventar, de ser una impostora. Ahora la siento como una expresi\u00f3n de mi <strong>voz interior<\/strong>, una que me habla desde territorios sutiles y que me da claves valiosas, me abre puertas, me alienta y me inspira. Ella es la que sabe, <strong>la mujer interna que da nombre a este espacio<\/strong>.<\/p>\n<p><!-- divi:paragraph -->Escribo entonces porque me sienta bien, porque me gusta, porque me ayuda a aclararme, porque lo necesito, porque me sirve para mirarme y mirar m\u00e1s lejos y m\u00e1s profundo. Escribo para mostrarme, aunque no me vea ni me lea casi nadie, y tambi\u00e9n para demostrarme algo a m\u00ed misma. Tal vez que puedo, que quiero, que tengo algo que decir, que valgo, que lo puedo hacer incluso sin objetivos ni expectativas. Porque escribir es parte de lo que soy.<\/p>\n<p><!-- divi:paragraph -->Escribo porque escribir ha sido siempre para m\u00ed una v\u00eda de desarrollo creativo, un camino a trav\u00e9s del cual expresar mi Ser y de conectar con algo que est\u00e1 por encima de m\u00ed y que gu\u00eda mis pasos, especialmente cuando me siento perdida.<\/p>[\/et_pb_text][et_pb_text admin_label=\u00bbText\u00bb _builder_version=\u00bb4.27.4&#8243; _module_preset=\u00bb423f6866-c6ee-493a-a383-00a0735b713b\u00bb custom_padding=\u00bb2em||||false|false\u00bb global_colors_info=\u00bb{}\u00bb theme_builder_area=\u00bbpost_content\u00bb]<h2>Agradecimiento<\/h2>[\/et_pb_text][et_pb_text admin_label=\u00bbText\u00bb _builder_version=\u00bb4.27.4&#8243; custom_margin_tablet=\u00bb||||false|false\u00bb custom_margin_phone=\u00bb|||0px|false|false\u00bb custom_margin_last_edited=\u00bbon|phone\u00bb hover_enabled=\u00bb0&#8243; global_colors_info=\u00bb{}\u00bb theme_builder_area=\u00bbpost_content\u00bb sticky_enabled=\u00bb0&#8243;]<p>Este espacio virtual en el que escribo es un rinc\u00f3n de mi hogar interior desde el que busco <strong>desplegar mi luz y liberar mi sombra<\/strong>. Por eso agradezco que entres con gentileza.<\/p>\n<p><!-- \/divi:paragraph --><!-- divi:paragraph -->\u00abGracias por tu presencia.\u00bb<\/p>\n<p>&nbsp;<\/p>\n<p style=\"text-align: right;\"><!-- \/divi:paragraph --><!-- divi:paragraph --><em>Gloria Garc\u00eda Ord\u00f3\u00f1ez \u2013 GaGa Oz<\/em><\/p>\n<p>&nbsp;<\/p>[\/et_pb_text][\/et_pb_column][\/et_pb_row][\/et_pb_section]\n","protected":false},"excerpt":{"rendered":"<p>Soy Gloria Garc\u00eda Ord\u00f3\u00f1ez, terapeuta Gestalt y creadora de La Mujer Interna. Comparto recursos de autoconocimiento, escritura y bienestar emocional para guiarte hacia una conexi\u00f3n profunda contigo misma.<\/p>","protected":false},"author":1,"featured_media":3764,"parent":0,"menu_order":0,"comment_status":"closed","ping_status":"closed","template":"","meta":{"_et_pb_use_builder":"on","_et_pb_old_content":"<!-- wp:heading -->\n<h2 class=\"wp-block-heading\"><strong>El origen del blog (2019)<\/strong><\/h2>\n<!-- \/wp:heading -->\n\n<!-- wp:paragraph -->\n<p>Bienvenida a este espacio m\u00edo tan querido y cuidado, que naci\u00f3 a comienzos de 2019 expresamente como un blog (la mujer interna). Escrib\u00eda entonces bajo pseud\u00f3nimo (GaGa Oz), con cierto miedo y mucho pudor pero atendiendo a una necesidad poderosa de probar a expresarme lo m\u00e1s libre que fuese capaz para plasmar mis comprensiones, dificultades, dolores y gozos. Tambi\u00e9n para tener registradas y a mano mis ideas y visiones, dejando de acumular libretas y cuadernos f\u00edsicos con mis notas y escritos que ya eran demasiados despu\u00e9s de tantos a\u00f1os de escritura creativa a mis espaldas.<\/p>\n<!-- \/wp:paragraph -->\n\n<!-- wp:heading -->\n<h2 class=\"wp-block-heading\"><strong>GaGa Oz: Un acto de individuaci\u00f3n<\/strong><\/h2>\n<!-- \/wp:heading -->\n\n<!-- wp:paragraph -->\n<p>Tras cuatro a\u00f1os de recorrido, me atrev\u00ed a mostrar mi nombre, a poner mi vulnerabilidad en juego, aunque veo que el alias me sigue resultando casi m\u00e1s cercano que mi nombre oficial; respet\u00e1ndolo profundamente, pues me viene dado por mis linajes de origen, con el pseud\u00f3nimo me he nombrado a m\u00ed misma, un ejercicio poderoso de individuaci\u00f3n y de auto-afirmaci\u00f3n.<\/p>\n<!-- \/wp:paragraph -->\n\n<!-- wp:heading -->\n<h2 class=\"wp-block-heading\"><strong>Vocaci\u00f3n terap\u00e9utica y cuerpo como herramienta<\/strong><\/h2>\n<!-- \/wp:heading -->\n\n<!-- wp:paragraph -->\n<p>A comienzos de 2023 sent\u00ed que el blog pod\u00eda alojar tambi\u00e9n mi vocaci\u00f3n como acompa\u00f1ante a trav\u00e9s de la terapia gestalt y mostrar adem\u00e1s el resto de recursos terap\u00e9uticos que voy integrando en mi camino y que me sirven para acompa\u00f1ar y tambi\u00e9n para conocerme mejor, escribir y expresarme. Entre ellos pongo especialmente en valor las v\u00edas que me llevan a experimentarme a trav\u00e9s del cuerpo, sobre todo la danza (5Ritmos, Ecstatic Dance, Butoh, ATS, Tribal Fusi\u00f3n), el yoga f\u00edsico (hatha y yin yoga) y la bioenerg\u00e9tica.<\/p>\n<!-- \/wp:paragraph -->\n\n<!-- wp:paragraph -->\n<p>Me han marcado en el camino mi familia, el amor, el miedo, mis duelos, mi necesidad de pertenencia, mi relaci\u00f3n con la sexualidad y la creatividad, el anhelo de libertad, la b\u00fasqueda de tribu y la creaci\u00f3n de comunidad. Todo ello empapa mi recorrido personal y profesional y lo atraviesa de manera transversal.<\/p>\n<!-- \/wp:paragraph -->\n\n<!-- wp:heading -->\n<h2 class=\"wp-block-heading\"><strong>Escribir como conexi\u00f3n con lo sutil<\/strong><\/h2>\n<!-- \/wp:heading -->\n\n<!-- wp:paragraph -->\n<p>En el blog escribo sobre lo que me pasa, lo que me motiva o me inquieta, lo que me arrastra, lo que descubro, lo que sue\u00f1o. A menudo lo hago movida por un impulso que siento ajeno a m\u00ed, como si yo no tuviese el control ni eligiese el tema o las palabras. M\u00e1s bien atiendo a una se\u00f1al, a una intuici\u00f3n, a una visi\u00f3n poderosa que se presenta como un fogonazo de impacto que necesito registrar primero, para tal vez descifrar despu\u00e9s el sentido profundo que me trae y que de entrada permanece velado.<\/p>\n<!-- \/wp:paragraph -->\n\n<!-- wp:paragraph -->\n<p>Esta vivencia perceptivo-intuitiva me ha acompa\u00f1ado desde que soy ni\u00f1a y he tendido a juzg\u00e1rmela e incluso a reprimirla, tach\u00e1ndome a m\u00ed misma de fantasiosa, de inventar, de ser una impostora. Ahora la siento como una expresi\u00f3n de mi voz interior, una que me habla desde territorios sutiles y que me da claves valiosas, me abre puertas, me alienta y me inspira. Ella es la que sabe, la mujer interna que da nombre a este espacio.<\/p>\n<!-- \/wp:paragraph -->\n\n<!-- wp:paragraph -->\n<p>Escribo entonces porque me sienta bien, porque me gusta, porque me ayuda a aclararme, porque lo necesito, porque me sirve para mirarme y mirar m\u00e1s lejos y m\u00e1s profundo. Escribo para mostrarme, aunque no me vea ni me lea casi nadie, y tambi\u00e9n para demostrarme algo a m\u00ed misma. Tal vez que puedo, que quiero, que tengo algo que decir, que valgo, que lo puedo hacer incluso sin objetivos ni expectativas. Porque escribir es parte de lo que soy.<\/p>\n<!-- \/wp:paragraph -->\n\n<!-- wp:paragraph -->\n<p>Escribo porque escribir ha sido siempre para m\u00ed una v\u00eda de desarrollo creativo, un camino a trav\u00e9s del cual expresar mi Ser y de conectar con algo que est\u00e1 por encima de m\u00ed y que gu\u00eda mis pasos, especialmente cuando me siento perdida.<\/p>\n<!-- \/wp:paragraph -->\n\n<!-- wp:heading -->\n<h2 class=\"wp-block-heading\"><strong>Agradecimiento<\/strong><\/h2>\n<!-- \/wp:heading -->\n\n<!-- wp:paragraph -->\n<p>Este espacio virtual en el que escribo es un rinc\u00f3n de mi hogar interior desde el que busco desplegar mi luz y liberar mi sombra. Por eso agradezco que entres con gentileza.<\/p>\n<!-- \/wp:paragraph -->\n\n<!-- wp:paragraph -->\n<p>\"Gracias por tu presencia.\"<\/p>\n<!-- \/wp:paragraph -->\n\n<!-- wp:paragraph -->\n<p><em>Gloria Garc\u00eda Ord\u00f3\u00f1ez \u2013 GaGa Oz<\/em><\/p>\n<!-- \/wp:paragraph -->","_et_gb_content_width":"1080","om_disable_all_campaigns":false,"_monsterinsights_skip_tracking":false,"_monsterinsights_sitenote_active":false,"_monsterinsights_sitenote_note":"","_monsterinsights_sitenote_category":0,"footnotes":""},"class_list":["post-3567","page","type-page","status-publish","has-post-thumbnail","hentry"],"yoast_head":"<!-- This site is optimized with the Yoast SEO plugin v27.6 - https:\/\/yoast.com\/product\/yoast-seo-wordpress\/ -->\n<title>Sobre m\u00ed - La Mujer Interna<\/title>\n<meta name=\"description\" content=\"Gloria Garc\u00eda Ord\u00f3\u00f1ez, terapeuta y gu\u00eda en La Mujer Interna. Un recorrido de vida puesto al servicio de tu propia transformaci\u00f3n personal.\" \/>\n<meta name=\"robots\" content=\"index, follow, max-snippet:-1, max-image-preview:large, max-video-preview:-1\" \/>\n<link rel=\"canonical\" href=\"https:\/\/lamujerinterna.com\/en\/sobre-mi\/\" \/>\n<meta property=\"og:locale\" content=\"en_GB\" \/>\n<meta property=\"og:type\" content=\"article\" \/>\n<meta property=\"og:title\" content=\"Sobre m\u00ed - La Mujer Interna\" \/>\n<meta property=\"og:description\" content=\"Gloria Garc\u00eda Ord\u00f3\u00f1ez, terapeuta y gu\u00eda en La Mujer Interna. Un recorrido de vida puesto al servicio de tu propia transformaci\u00f3n personal.\" \/>\n<meta property=\"og:url\" content=\"https:\/\/lamujerinterna.com\/en\/sobre-mi\/\" \/>\n<meta property=\"og:site_name\" content=\"La Mujer Interna\" \/>\n<meta property=\"article:modified_time\" content=\"2026-02-05T19:53:08+00:00\" \/>\n<meta property=\"og:image\" content=\"https:\/\/lamujerinterna.com\/wp-content\/uploads\/2025\/03\/5e53926b-3691-4a7f-81ec-aa595901733a-scaled.webp\" \/>\n\t<meta property=\"og:image:width\" content=\"2560\" \/>\n\t<meta property=\"og:image:height\" content=\"1440\" \/>\n\t<meta property=\"og:image:type\" content=\"image\/webp\" \/>\n<meta name=\"twitter:card\" content=\"summary_large_image\" \/>\n<meta name=\"twitter:label1\" content=\"Estimated reading time\" \/>\n\t<meta name=\"twitter:data1\" content=\"4 minutes\" \/>\n<script type=\"application\/ld+json\" class=\"yoast-schema-graph\">{\"@context\":\"https:\\\/\\\/schema.org\",\"@graph\":[{\"@type\":\"WebPage\",\"@id\":\"https:\\\/\\\/lamujerinterna.com\\\/sobre-mi\\\/\",\"url\":\"https:\\\/\\\/lamujerinterna.com\\\/sobre-mi\\\/\",\"name\":\"Sobre m\u00ed - La Mujer Interna\",\"isPartOf\":{\"@id\":\"https:\\\/\\\/lamujerinterna.com\\\/#website\"},\"primaryImageOfPage\":{\"@id\":\"https:\\\/\\\/lamujerinterna.com\\\/sobre-mi\\\/#primaryimage\"},\"image\":{\"@id\":\"https:\\\/\\\/lamujerinterna.com\\\/sobre-mi\\\/#primaryimage\"},\"thumbnailUrl\":\"https:\\\/\\\/lamujerinterna.com\\\/wp-content\\\/uploads\\\/2025\\\/03\\\/5e53926b-3691-4a7f-81ec-aa595901733a-scaled.webp\",\"datePublished\":\"2025-03-18T19:17:06+00:00\",\"dateModified\":\"2026-02-05T19:53:08+00:00\",\"description\":\"Gloria Garc\u00eda Ord\u00f3\u00f1ez, terapeuta y gu\u00eda en La Mujer Interna. Un recorrido de vida puesto al servicio de tu propia transformaci\u00f3n personal.\",\"breadcrumb\":{\"@id\":\"https:\\\/\\\/lamujerinterna.com\\\/sobre-mi\\\/#breadcrumb\"},\"inLanguage\":\"en-GB\",\"potentialAction\":[{\"@type\":\"ReadAction\",\"target\":[\"https:\\\/\\\/lamujerinterna.com\\\/sobre-mi\\\/\"]}]},{\"@type\":\"ImageObject\",\"inLanguage\":\"en-GB\",\"@id\":\"https:\\\/\\\/lamujerinterna.com\\\/sobre-mi\\\/#primaryimage\",\"url\":\"https:\\\/\\\/lamujerinterna.com\\\/wp-content\\\/uploads\\\/2025\\\/03\\\/5e53926b-3691-4a7f-81ec-aa595901733a-scaled.webp\",\"contentUrl\":\"https:\\\/\\\/lamujerinterna.com\\\/wp-content\\\/uploads\\\/2025\\\/03\\\/5e53926b-3691-4a7f-81ec-aa595901733a-scaled.webp\",\"width\":2560,\"height\":1440},{\"@type\":\"BreadcrumbList\",\"@id\":\"https:\\\/\\\/lamujerinterna.com\\\/sobre-mi\\\/#breadcrumb\",\"itemListElement\":[{\"@type\":\"ListItem\",\"position\":1,\"name\":\"Portada\",\"item\":\"https:\\\/\\\/lamujerinterna.com\\\/\"},{\"@type\":\"ListItem\",\"position\":2,\"name\":\"Sobre m\u00ed\"}]},{\"@type\":\"WebSite\",\"@id\":\"https:\\\/\\\/lamujerinterna.com\\\/#website\",\"url\":\"https:\\\/\\\/lamujerinterna.com\\\/\",\"name\":\"La Mujer Interna\",\"description\":\"Acompa\u00f1amiento emocional y espiritual, duelos, ente\u00f3genos, autoconocimiento.\",\"publisher\":{\"@id\":\"https:\\\/\\\/lamujerinterna.com\\\/#\\\/schema\\\/person\\\/28fdb3c82916d1b84ebbc28893e23c49\"},\"potentialAction\":[{\"@type\":\"SearchAction\",\"target\":{\"@type\":\"EntryPoint\",\"urlTemplate\":\"https:\\\/\\\/lamujerinterna.com\\\/?s={search_term_string}\"},\"query-input\":{\"@type\":\"PropertyValueSpecification\",\"valueRequired\":true,\"valueName\":\"search_term_string\"}}],\"inLanguage\":\"en-GB\"},{\"@type\":[\"Person\",\"Organization\"],\"@id\":\"https:\\\/\\\/lamujerinterna.com\\\/#\\\/schema\\\/person\\\/28fdb3c82916d1b84ebbc28893e23c49\",\"name\":\"Gloria Garc\u00eda Ord\u00f3\u00f1ez\",\"image\":{\"@type\":\"ImageObject\",\"inLanguage\":\"en-GB\",\"@id\":\"https:\\\/\\\/lamujerinterna.com\\\/wp-content\\\/uploads\\\/2025\\\/11\\\/cropped-Favicon_Mesa-de-trabajo-1-copia-15-scaled-2.png\",\"url\":\"https:\\\/\\\/lamujerinterna.com\\\/wp-content\\\/uploads\\\/2025\\\/11\\\/cropped-Favicon_Mesa-de-trabajo-1-copia-15-scaled-2.png\",\"contentUrl\":\"https:\\\/\\\/lamujerinterna.com\\\/wp-content\\\/uploads\\\/2025\\\/11\\\/cropped-Favicon_Mesa-de-trabajo-1-copia-15-scaled-2.png\",\"width\":512,\"height\":512,\"caption\":\"Gloria Garc\u00eda Ord\u00f3\u00f1ez\"},\"logo\":{\"@id\":\"https:\\\/\\\/lamujerinterna.com\\\/wp-content\\\/uploads\\\/2025\\\/11\\\/cropped-Favicon_Mesa-de-trabajo-1-copia-15-scaled-2.png\"}}]}<\/script>\n<!-- \/ Yoast SEO plugin. -->","yoast_head_json":{"title":"Sobre m\u00ed - La Mujer Interna","description":"Gloria Garc\u00eda Ord\u00f3\u00f1ez, terapeuta y gu\u00eda en La Mujer Interna. Un recorrido de vida puesto al servicio de tu propia transformaci\u00f3n personal.","robots":{"index":"index","follow":"follow","max-snippet":"max-snippet:-1","max-image-preview":"max-image-preview:large","max-video-preview":"max-video-preview:-1"},"canonical":"https:\/\/lamujerinterna.com\/en\/sobre-mi\/","og_locale":"en_GB","og_type":"article","og_title":"Sobre m\u00ed - La Mujer Interna","og_description":"Gloria Garc\u00eda Ord\u00f3\u00f1ez, terapeuta y gu\u00eda en La Mujer Interna. Un recorrido de vida puesto al servicio de tu propia transformaci\u00f3n personal.","og_url":"https:\/\/lamujerinterna.com\/en\/sobre-mi\/","og_site_name":"La Mujer Interna","article_modified_time":"2026-02-05T19:53:08+00:00","og_image":[{"width":2560,"height":1440,"url":"https:\/\/lamujerinterna.com\/wp-content\/uploads\/2025\/03\/5e53926b-3691-4a7f-81ec-aa595901733a-scaled.webp","type":"image\/webp"}],"twitter_card":"summary_large_image","twitter_misc":{"Estimated reading time":"4 minutes"},"schema":{"@context":"https:\/\/schema.org","@graph":[{"@type":"WebPage","@id":"https:\/\/lamujerinterna.com\/sobre-mi\/","url":"https:\/\/lamujerinterna.com\/sobre-mi\/","name":"Sobre m\u00ed - La Mujer Interna","isPartOf":{"@id":"https:\/\/lamujerinterna.com\/#website"},"primaryImageOfPage":{"@id":"https:\/\/lamujerinterna.com\/sobre-mi\/#primaryimage"},"image":{"@id":"https:\/\/lamujerinterna.com\/sobre-mi\/#primaryimage"},"thumbnailUrl":"https:\/\/lamujerinterna.com\/wp-content\/uploads\/2025\/03\/5e53926b-3691-4a7f-81ec-aa595901733a-scaled.webp","datePublished":"2025-03-18T19:17:06+00:00","dateModified":"2026-02-05T19:53:08+00:00","description":"Gloria Garc\u00eda Ord\u00f3\u00f1ez, terapeuta y gu\u00eda en La Mujer Interna. Un recorrido de vida puesto al servicio de tu propia transformaci\u00f3n personal.","breadcrumb":{"@id":"https:\/\/lamujerinterna.com\/sobre-mi\/#breadcrumb"},"inLanguage":"en-GB","potentialAction":[{"@type":"ReadAction","target":["https:\/\/lamujerinterna.com\/sobre-mi\/"]}]},{"@type":"ImageObject","inLanguage":"en-GB","@id":"https:\/\/lamujerinterna.com\/sobre-mi\/#primaryimage","url":"https:\/\/lamujerinterna.com\/wp-content\/uploads\/2025\/03\/5e53926b-3691-4a7f-81ec-aa595901733a-scaled.webp","contentUrl":"https:\/\/lamujerinterna.com\/wp-content\/uploads\/2025\/03\/5e53926b-3691-4a7f-81ec-aa595901733a-scaled.webp","width":2560,"height":1440},{"@type":"BreadcrumbList","@id":"https:\/\/lamujerinterna.com\/sobre-mi\/#breadcrumb","itemListElement":[{"@type":"ListItem","position":1,"name":"Portada","item":"https:\/\/lamujerinterna.com\/"},{"@type":"ListItem","position":2,"name":"Sobre m\u00ed"}]},{"@type":"WebSite","@id":"https:\/\/lamujerinterna.com\/#website","url":"https:\/\/lamujerinterna.com\/","name":"La Mujer Interna","description":"Acompa\u00f1amiento emocional y espiritual, duelos, ente\u00f3genos, autoconocimiento.","publisher":{"@id":"https:\/\/lamujerinterna.com\/#\/schema\/person\/28fdb3c82916d1b84ebbc28893e23c49"},"potentialAction":[{"@type":"SearchAction","target":{"@type":"EntryPoint","urlTemplate":"https:\/\/lamujerinterna.com\/?s={search_term_string}"},"query-input":{"@type":"PropertyValueSpecification","valueRequired":true,"valueName":"search_term_string"}}],"inLanguage":"en-GB"},{"@type":["Person","Organization"],"@id":"https:\/\/lamujerinterna.com\/#\/schema\/person\/28fdb3c82916d1b84ebbc28893e23c49","name":"Gloria Garc\u00eda Ord\u00f3\u00f1ez","image":{"@type":"ImageObject","inLanguage":"en-GB","@id":"https:\/\/lamujerinterna.com\/wp-content\/uploads\/2025\/11\/cropped-Favicon_Mesa-de-trabajo-1-copia-15-scaled-2.png","url":"https:\/\/lamujerinterna.com\/wp-content\/uploads\/2025\/11\/cropped-Favicon_Mesa-de-trabajo-1-copia-15-scaled-2.png","contentUrl":"https:\/\/lamujerinterna.com\/wp-content\/uploads\/2025\/11\/cropped-Favicon_Mesa-de-trabajo-1-copia-15-scaled-2.png","width":512,"height":512,"caption":"Gloria Garc\u00eda Ord\u00f3\u00f1ez"},"logo":{"@id":"https:\/\/lamujerinterna.com\/wp-content\/uploads\/2025\/11\/cropped-Favicon_Mesa-de-trabajo-1-copia-15-scaled-2.png"}}]}},"jetpack_sharing_enabled":true,"_links":{"self":[{"href":"https:\/\/lamujerinterna.com\/en\/wp-json\/wp\/v2\/pages\/3567","targetHints":{"allow":["GET"]}}],"collection":[{"href":"https:\/\/lamujerinterna.com\/en\/wp-json\/wp\/v2\/pages"}],"about":[{"href":"https:\/\/lamujerinterna.com\/en\/wp-json\/wp\/v2\/types\/page"}],"author":[{"embeddable":true,"href":"https:\/\/lamujerinterna.com\/en\/wp-json\/wp\/v2\/users\/1"}],"replies":[{"embeddable":true,"href":"https:\/\/lamujerinterna.com\/en\/wp-json\/wp\/v2\/comments?post=3567"}],"version-history":[{"count":171,"href":"https:\/\/lamujerinterna.com\/en\/wp-json\/wp\/v2\/pages\/3567\/revisions"}],"predecessor-version":[{"id":6866,"href":"https:\/\/lamujerinterna.com\/en\/wp-json\/wp\/v2\/pages\/3567\/revisions\/6866"}],"wp:featuredmedia":[{"embeddable":true,"href":"https:\/\/lamujerinterna.com\/en\/wp-json\/wp\/v2\/media\/3764"}],"wp:attachment":[{"href":"https:\/\/lamujerinterna.com\/en\/wp-json\/wp\/v2\/media?parent=3567"}],"curies":[{"name":"wp","href":"https:\/\/api.w.org\/{rel}","templated":true}]}}